{"id":362,"date":"2020-06-01T21:54:05","date_gmt":"2020-06-01T19:54:05","guid":{"rendered":"https:\/\/www.dr-barbara-sturm.de\/kosten-und-preise\/"},"modified":"2020-06-25T00:04:33","modified_gmt":"2020-06-24T22:04:33","slug":"costs-and-prices","status":"publish","type":"page","link":"https:\/\/www.dr-barbara-sturm.de\/en\/costs-and-prices\/","title":{"rendered":"Costs and prices"},"content":{"rendered":"<div class=\"fusion-fullwidth fullwidth-box fusion-builder-row-1 nonhundred-percent-fullwidth non-hundred-percent-height-scrolling\" style=\"--awb-border-radius-top-left:0px;--awb-border-radius-top-right:0px;--awb-border-radius-bottom-right:0px;--awb-border-radius-bottom-left:0px;--awb-flex-wrap:wrap;\" ><div class=\"fusion-builder-row fusion-row\"><div class=\"fusion-layout-column fusion_builder_column fusion-builder-column-0 fusion_builder_column_1_1 1_1 fusion-one-full fusion-column-first fusion-column-last\" style=\"--awb-bg-size:cover;--awb-margin-bottom:0px;\"><div class=\"fusion-column-wrapper fusion-flex-column-wrapper-legacy\"><div class=\"fusion-text fusion-text-1\"><h1>COSTS &amp; PRICES<\/h1>\n<p>We treat exclusively with high quality products of well-known and tested manufacturers. Please take this into account when comparing prices. The quality of the materials used is as important for the success of the treatment as medical expertise.<\/p>\n<table>\n<tbody>\n<tr>\n<td>\n<h3>TREATMENT WITH HYALURONIC ACID<\/h3>\n<\/td>\n<td>\u00a0<\/td>\n<\/tr>\n<tr>\n<td><strong>(Restylane, Perlane, Juvederm, etc.)<\/strong><\/td>\n<td>\u00a0<\/td>\n<\/tr>\n<tr>\n<td>Rhinoplasty<\/td>\n<td>from 500,- EUR<\/td>\n<\/tr>\n<tr>\n<td>Lip injections \/ lip augmentation<\/td>\n<td>from 650,- EUR<\/td>\n<\/tr>\n<tr>\n<td>Lip wrinkles<\/td>\n<td>from 500,- EUR<\/td>\n<\/tr>\n<tr>\n<td>Lip rejuvenation with Juv\u00e9derm Volbella<\/td>\n<td>from 750,- EUR<\/td>\n<\/tr>\n<tr>\n<td>Lifting the corner of the mouth<\/td>\n<td>from 500,- EUR<\/td>\n<\/tr>\n<tr>\n<td>Puppet Wrinkles<\/td>\n<td>from 650,- EUR<\/td>\n<\/tr>\n<tr>\n<td>Earlobe Filling<\/td>\n<td>from 500,- EUR<\/td>\n<\/tr>\n<tr>\n<td>lacrimal furrow on both sides<\/td>\n<td>from 650,- EUR<\/td>\n<\/tr>\n<tr>\n<td>Mesotherapy (fine lines)<\/td>\n<td>from 450,- EUR<\/td>\n<\/tr>\n<tr>\n<td>Cheek filling \/ volume increase<\/td>\n<td>from 650,- EUR<\/td>\n<\/tr>\n<tr>\n<td>D\u00e9collet\u00e9<\/td>\n<td>from 650,- EUR<\/td>\n<\/tr>\n<tr>\n<td>Back of the hand rejuvenation<\/td>\n<td>from 650,- EUR<\/td>\n<\/tr>\n<tr>\n<td>Acne scar treatment<\/td>\n<td>from 450,- EUR<\/td>\n<\/tr>\n<tr>\n<td>\u00a0<\/td>\n<td>\u00a0<\/td>\n<\/tr>\n<tr>\n<td>\n<h3>LIQUID LIFT<\/h3>\n<\/td>\n<td>\u00a0<\/td>\n<\/tr>\n<tr>\n<td>Face<\/td>\n<td>from 650,- EUR<\/td>\n<\/tr>\n<tr>\n<td>Juvederm Volift<\/td>\n<td>from 800,- EUR<\/td>\n<\/tr>\n<tr>\n<td>Voluma<\/td>\n<td>from 850,- EUR<\/td>\n<\/tr>\n<tr>\n<td>Hands<\/td>\n<td>from 650,- EUR<\/td>\n<\/tr>\n<tr>\n<td>D\u00e9collet\u00e9<\/td>\n<td>from 650,- EUR<\/td>\n<\/tr>\n<tr>\n<td>Scaddle Lift<\/td>\n<td>from 950,- EUR<\/td>\n<\/tr>\n<tr>\n<td>Scaddle Lift MCX<br \/>(with endogenous substances)<\/td>\n<td>from 1750,- EUR<\/td>\n<\/tr>\n<tr>\n<td>\u00a0<\/td>\n<td>\u00a0<\/td>\n<\/tr>\n<tr>\n<td>\n<h3>BOTOX<sup>\u00ae<\/sup> \u2013 WRINKLE TREATMENT<\/h3>\n<\/td>\n<td>\u00a0<\/td>\n<\/tr>\n<tr>\n<td>Forehead wrinkles<\/td>\n<td>from 200,- EUR<\/td>\n<\/tr>\n<tr>\n<td>Frown line<\/td>\n<td>from 200,- EUR<\/td>\n<\/tr>\n<tr>\n<td>Eyebrowlift<\/td>\n<td>from 350,- EUR<\/td>\n<\/tr>\n<tr>\n<td>Augenfalten \/ Kr\u00e4henf\u00fc\u00dfe<\/td>\n<td>from 200,- EUR<\/td>\n<\/tr>\n<tr>\n<td>Eye wrinkles \/ crow&#8217;s feet<\/td>\n<td>from 300,- EUR<\/td>\n<\/tr>\n<tr>\n<td>Neck lift<\/td>\n<td>from 300,- EUR<\/td>\n<\/tr>\n<tr>\n<td>Bruxism\/chewing muscle<br \/>(is partly paid by the private health insurance)<\/td>\n<td>from 450,- EUR<\/td>\n<\/tr>\n<tr>\n<td>Hyperhidrosis\/Sweating<br \/>(is almost always paid private health insurance)<\/td>\n<td>from 1200,- EUR<\/td>\n<\/tr>\n<tr>\n<td>Scar treatment<\/td>\n<td>from 200,- EUR<\/td>\n<\/tr>\n<tr>\n<td>\u00a0<\/td>\n<td>\u00a0<\/td>\n<\/tr>\n<tr>\n<td>\n<h3>PLASMAGE<\/h3>\n<\/td>\n<td>\u00a0<\/td>\n<\/tr>\n<tr>\n<td>Lip wrinkles<\/td>\n<td>from 800,- EUR<\/td>\n<\/tr>\n<tr>\n<td>Upper eyelid per eye<\/td>\n<td>from 500,- EUR<\/td>\n<\/tr>\n<tr>\n<td>Lower eyelid per eye<\/td>\n<td>from 650,- EUR<\/td>\n<\/tr>\n<tr>\n<td>\u00a0<\/td>\n<td>\u00a0<\/td>\n<\/tr>\n<tr>\n<td>\n<h3><strong>INJECTION LIPOLYSIS<\/strong><\/h3>\n<\/td>\n<td>\u00a0<\/td>\n<\/tr>\n<tr>\n<td>Riding breeches<\/td>\n<td>from 450,- EUR<\/td>\n<\/tr>\n<tr>\n<td>Hips<\/td>\n<td>from 350,- EUR<\/td>\n<\/tr>\n<tr>\n<td>Hanging cheeks<\/td>\n<td>from 250,- EUR<\/td>\n<\/tr>\n<tr>\n<td>Double chin<\/td>\n<td>from 250,- EUR<\/td>\n<\/tr>\n<tr>\n<td>Abdomen<\/td>\n<td>from 450,- EUR<\/td>\n<\/tr>\n<tr>\n<td>\u00a0<\/td>\n<td>\u00a0<\/td>\n<\/tr>\n<tr>\n<td>\n<h3>LASER TREATMENTS<\/h3>\n<\/td>\n<td>\u00a0<\/td>\n<\/tr>\n<tr>\n<td><strong>(Clear+Brilliant Laser\u2122)<\/strong><\/td>\n<td>\u00a0<\/td>\n<\/tr>\n<tr>\n<td>1 treatment<\/td>\n<td>300,- EUR<\/td>\n<\/tr>\n<tr>\n<td>4 treatment set<br \/>(250,- EUR per treatment)<\/td>\n<td>1000,- EUR<\/td>\n<\/tr>\n<tr>\n<td>\u00a0<\/td>\n<td>\u00a0<\/td>\n<\/tr>\n<tr>\n<td>\n<h3>SPECIAL TREATMENTS<\/h3>\n<\/td>\n<td>\u00a0<\/td>\n<\/tr>\n<tr>\n<td>Cellulite treatment<\/td>\n<td>from 600,- EUR<\/td>\n<\/tr>\n<\/tbody>\n<\/table>\n<\/div><div class=\"fusion-clearfix\"><\/div><\/div><\/div><\/div><\/div>\n","protected":false},"excerpt":{"rendered":"","protected":false},"author":1,"featured_media":0,"parent":0,"menu_order":0,"comment_status":"closed","ping_status":"closed","template":"","meta":{"footnotes":""},"_links":{"self":[{"href":"https:\/\/www.dr-barbara-sturm.de\/en\/wp-json\/wp\/v2\/pages\/362"}],"collection":[{"href":"https:\/\/www.dr-barbara-sturm.de\/en\/wp-json\/wp\/v2\/pages"}],"about":[{"href":"https:\/\/www.dr-barbara-sturm.de\/en\/wp-json\/wp\/v2\/types\/page"}],"author":[{"embeddable":true,"href":"https:\/\/www.dr-barbara-sturm.de\/en\/wp-json\/wp\/v2\/users\/1"}],"replies":[{"embeddable":true,"href":"https:\/\/www.dr-barbara-sturm.de\/en\/wp-json\/wp\/v2\/comments?post=362"}],"version-history":[{"count":2,"href":"https:\/\/www.dr-barbara-sturm.de\/en\/wp-json\/wp\/v2\/pages\/362\/revisions"}],"predecessor-version":[{"id":364,"href":"https:\/\/www.dr-barbara-sturm.de\/en\/wp-json\/wp\/v2\/pages\/362\/revisions\/364"}],"wp:attachment":[{"href":"https:\/\/www.dr-barbara-sturm.de\/en\/wp-json\/wp\/v2\/media?parent=362"}],"curies":[{"name":"wp","href":"https:\/\/api.w.org\/{rel}","templated":true}]}}